{"id":358,"date":"2020-09-21T07:57:13","date_gmt":"2020-09-21T05:57:13","guid":{"rendered":"https:\/\/www.agencesquare.com\/agencesquare\/?page_id=358"},"modified":"2020-09-26T15:52:59","modified_gmt":"2020-09-26T13:52:59","slug":"domaine-verchant","status":"publish","type":"page","link":"https:\/\/www.agencesquare.com\/agencesquare\/domaine-verchant\/","title":{"rendered":"LE DOMAINE DE VERCHANT"},"content":{"rendered":"\t\t<div data-elementor-type=\"wp-page\" data-elementor-id=\"358\" class=\"elementor elementor-358\">\n\t\t\t\t\t\t<section class=\"elementor-section elementor-top-section elementor-element elementor-element-0dd50bd elementor-section-boxed elementor-section-height-default elementor-section-height-default\" data-id=\"0dd50bd\" data-element_type=\"section\">\n\t\t\t\t\t\t<div class=\"elementor-container elementor-column-gap-default\">\n\t\t\t\t\t<div class=\"elementor-column elementor-col-100 elementor-top-column elementor-element elementor-element-de63c7d\" data-id=\"de63c7d\" data-element_type=\"column\">\n\t\t\t<div class=\"elementor-widget-wrap elementor-element-populated\">\n\t\t\t\t\t\t<div class=\"elementor-element elementor-element-9cef499 elementor-widget elementor-widget-spacer\" data-id=\"9cef499\" data-element_type=\"widget\" data-widget_type=\"spacer.default\">\n\t\t\t\t<div class=\"elementor-widget-container\">\n\t\t\t\t\t<div class=\"elementor-spacer\">\n\t\t\t<div class=\"elementor-spacer-inner\"><\/div>\n\t\t<\/div>\n\t\t\t\t<\/div>\n\t\t\t\t<\/div>\n\t\t\t\t\t<\/div>\n\t\t<\/div>\n\t\t\t\t\t<\/div>\n\t\t<\/section>\n\t\t\t\t<section class=\"elementor-section elementor-top-section elementor-element elementor-element-329309ea elementor-section-content-middle elementor-section-boxed elementor-section-height-default elementor-section-height-default\" data-id=\"329309ea\" data-element_type=\"section\">\n\t\t\t\t\t\t<div class=\"elementor-container elementor-column-gap-no\">\n\t\t\t\t\t<div class=\"elementor-column elementor-col-50 elementor-top-column elementor-element elementor-element-fcb3254\" data-id=\"fcb3254\" data-element_type=\"column\">\n\t\t\t<div class=\"elementor-widget-wrap elementor-element-populated\">\n\t\t\t\t\t\t<div class=\"elementor-element elementor-element-3a79bf6f elementor-widget elementor-widget-heading\" data-id=\"3a79bf6f\" data-element_type=\"widget\" data-widget_type=\"heading.default\">\n\t\t\t\t<div class=\"elementor-widget-container\">\n\t\t\t<h2 class=\"elementor-heading-title elementor-size-default\">Le Domaine de Verchant<\/h2>\t\t<\/div>\n\t\t\t\t<\/div>\n\t\t\t\t<div class=\"elementor-element elementor-element-b7692ec elementor-widget elementor-widget-text-editor\" data-id=\"b7692ec\" data-element_type=\"widget\" data-widget_type=\"text-editor.default\">\n\t\t\t\t<div class=\"elementor-widget-container\">\n\t\t\t\t\t\t\t<p>H\u00f4tel 5 \u00e9toiles \u00e0 Montpellier avec restaurant gastronomique, spa et salle de fitness. Au c\u0153ur des vignes une piscine &amp; spa, un centre fitness.<\/p>\t\t\t\t\t\t<\/div>\n\t\t\t\t<\/div>\n\t\t\t\t<div class=\"elementor-element elementor-element-677b6b5a elementor-widget elementor-widget-image\" data-id=\"677b6b5a\" data-element_type=\"widget\" data-widget_type=\"image.default\">\n\t\t\t\t<div class=\"elementor-widget-container\">\n\t\t\t\t\t\t\t\t\t\t\t\t\t<img fetchpriority=\"high\" decoding=\"async\" width=\"500\" height=\"320\" src=\"https:\/\/www.agencesquare.com\/agencesquare\/wp-content\/uploads\/2020\/09\/animation-page-verchant-paul-bella-1.gif\" class=\"attachment-full size-full wp-image-364\" alt=\"\" \/>\t\t\t\t\t\t\t\t\t\t\t\t\t<\/div>\n\t\t\t\t<\/div>\n\t\t\t\t<div class=\"elementor-element elementor-element-76da9a3 elementor-widget elementor-widget-text-editor\" data-id=\"76da9a3\" data-element_type=\"widget\" data-widget_type=\"text-editor.default\">\n\t\t\t\t<div class=\"elementor-widget-container\">\n\t\t\t\t\t\t\t<p>Le projet a \u00e9t\u00e9 de r\u00e9aliser des illustrations photo pour la phototh\u00e8que de l&rsquo;h\u00f4tel. Nous avons cr\u00e9\u00e9 un mood board pour la validation des compositions des visuels correspondant \u00e0 chaque th\u00e8me. Le shooting photo a \u00e9t\u00e9 r\u00e9alis\u00e9 par le photographe Paul Bella.<br \/>La production cr\u00e9ative SQUARE a organis\u00e9 le casting des mannequins, le stylisme, le make up et coiffure ainsi que la postproduction pour les retouches et la mise en forme finale des photos.<\/p>\t\t\t\t\t\t<\/div>\n\t\t\t\t<\/div>\n\t\t\t\t\t<\/div>\n\t\t<\/div>\n\t\t\t\t<div class=\"elementor-column elementor-col-50 elementor-top-column elementor-element elementor-element-d8a6ac5\" data-id=\"d8a6ac5\" data-element_type=\"column\">\n\t\t\t<div class=\"elementor-widget-wrap elementor-element-populated\">\n\t\t\t\t\t\t<div class=\"elementor-element elementor-element-a3ce83d elementor-widget elementor-widget-heading\" data-id=\"a3ce83d\" data-element_type=\"widget\" data-widget_type=\"heading.default\">\n\t\t\t\t<div class=\"elementor-widget-container\">\n\t\t\t<h2 class=\"elementor-heading-title elementor-size-default\">LA PLAGE<\/h2>\t\t<\/div>\n\t\t\t\t<\/div>\n\t\t\t\t<div class=\"elementor-element elementor-element-cfc938c elementor-widget elementor-widget-image\" data-id=\"cfc938c\" data-element_type=\"widget\" data-widget_type=\"image.default\">\n\t\t\t\t<div class=\"elementor-widget-container\">\n\t\t\t\t\t\t\t\t\t\t\t\t\t<img decoding=\"async\" width=\"1000\" height=\"666\" src=\"https:\/\/www.agencesquare.com\/agencesquare\/wp-content\/uploads\/2020\/09\/DSF5014-1.jpg\" class=\"attachment-full size-full wp-image-366\" alt=\"\" srcset=\"https:\/\/www.agencesquare.com\/agencesquare\/wp-content\/uploads\/2020\/09\/DSF5014-1.jpg 1000w, https:\/\/www.agencesquare.com\/agencesquare\/wp-content\/uploads\/2020\/09\/DSF5014-1-300x200.jpg 300w, https:\/\/www.agencesquare.com\/agencesquare\/wp-content\/uploads\/2020\/09\/DSF5014-1-768x511.jpg 768w\" sizes=\"(max-width: 1000px) 100vw, 1000px\" \/>\t\t\t\t\t\t\t\t\t\t\t\t\t<\/div>\n\t\t\t\t<\/div>\n\t\t\t\t<div class=\"elementor-element elementor-element-a1fe766 elementor-widget elementor-widget-image\" data-id=\"a1fe766\" data-element_type=\"widget\" data-widget_type=\"image.default\">\n\t\t\t\t<div class=\"elementor-widget-container\">\n\t\t\t\t\t\t\t\t\t\t\t\t\t<img decoding=\"async\" width=\"1024\" height=\"683\" src=\"https:\/\/www.agencesquare.com\/agencesquare\/wp-content\/uploads\/2020\/09\/paul-bella_DSC3451_w-1024x683.jpg\" class=\"attachment-large size-large wp-image-258\" alt=\"verchant\" srcset=\"https:\/\/www.agencesquare.com\/agencesquare\/wp-content\/uploads\/2020\/09\/paul-bella_DSC3451_w-1024x683.jpg 1024w, https:\/\/www.agencesquare.com\/agencesquare\/wp-content\/uploads\/2020\/09\/paul-bella_DSC3451_w-300x200.jpg 300w, https:\/\/www.agencesquare.com\/agencesquare\/wp-content\/uploads\/2020\/09\/paul-bella_DSC3451_w-768x512.jpg 768w, https:\/\/www.agencesquare.com\/agencesquare\/wp-content\/uploads\/2020\/09\/paul-bella_DSC3451_w.jpg 1280w\" sizes=\"(max-width: 1024px) 100vw, 1024px\" \/>\t\t\t\t\t\t\t\t\t\t\t\t\t<\/div>\n\t\t\t\t<\/div>\n\t\t\t\t<div class=\"elementor-element elementor-element-a01b854 elementor-widget elementor-widget-heading\" data-id=\"a01b854\" data-element_type=\"widget\" data-widget_type=\"heading.default\">\n\t\t\t\t<div class=\"elementor-widget-container\">\n\t\t\t<h2 class=\"elementor-heading-title elementor-size-default\">MOOD BOARD<\/h2>\t\t<\/div>\n\t\t\t\t<\/div>\n\t\t\t\t<div class=\"elementor-element elementor-element-c060ecb elementor-widget elementor-widget-image\" data-id=\"c060ecb\" data-element_type=\"widget\" data-widget_type=\"image.default\">\n\t\t\t\t<div class=\"elementor-widget-container\">\n\t\t\t\t\t\t\t\t\t\t\t\t\t<img loading=\"lazy\" decoding=\"async\" width=\"1024\" height=\"683\" src=\"https:\/\/www.agencesquare.com\/agencesquare\/wp-content\/uploads\/2020\/09\/MB-verchant-paul-bella-1024x683.jpg\" class=\"attachment-large size-large wp-image-328\" alt=\"\" srcset=\"https:\/\/www.agencesquare.com\/agencesquare\/wp-content\/uploads\/2020\/09\/MB-verchant-paul-bella-1024x683.jpg 1024w, https:\/\/www.agencesquare.com\/agencesquare\/wp-content\/uploads\/2020\/09\/MB-verchant-paul-bella-300x200.jpg 300w, https:\/\/www.agencesquare.com\/agencesquare\/wp-content\/uploads\/2020\/09\/MB-verchant-paul-bella-768x512.jpg 768w, https:\/\/www.agencesquare.com\/agencesquare\/wp-content\/uploads\/2020\/09\/MB-verchant-paul-bella.jpg 1280w\" sizes=\"(max-width: 1024px) 100vw, 1024px\" \/>\t\t\t\t\t\t\t\t\t\t\t\t\t<\/div>\n\t\t\t\t<\/div>\n\t\t\t\t<div class=\"elementor-element elementor-element-56857d9 elementor-widget elementor-widget-image\" data-id=\"56857d9\" data-element_type=\"widget\" data-widget_type=\"image.default\">\n\t\t\t\t<div class=\"elementor-widget-container\">\n\t\t\t\t\t\t\t\t\t\t\t\t\t<img loading=\"lazy\" decoding=\"async\" width=\"1000\" height=\"666\" src=\"https:\/\/www.agencesquare.com\/agencesquare\/wp-content\/uploads\/2020\/09\/paul-bella_DSF4890.jpg\" class=\"attachment-large size-large wp-image-369\" alt=\"\" srcset=\"https:\/\/www.agencesquare.com\/agencesquare\/wp-content\/uploads\/2020\/09\/paul-bella_DSF4890.jpg 1000w, https:\/\/www.agencesquare.com\/agencesquare\/wp-content\/uploads\/2020\/09\/paul-bella_DSF4890-300x200.jpg 300w, https:\/\/www.agencesquare.com\/agencesquare\/wp-content\/uploads\/2020\/09\/paul-bella_DSF4890-768x511.jpg 768w\" sizes=\"(max-width: 1000px) 100vw, 1000px\" \/>\t\t\t\t\t\t\t\t\t\t\t\t\t<\/div>\n\t\t\t\t<\/div>\n\t\t\t\t\t<\/div>\n\t\t<\/div>\n\t\t\t\t\t<\/div>\n\t\t<\/section>\n\t\t\t\t<section class=\"elementor-section elementor-top-section elementor-element elementor-element-885a439 elementor-section-boxed elementor-section-height-default elementor-section-height-default\" data-id=\"885a439\" data-element_type=\"section\">\n\t\t\t\t\t\t<div class=\"elementor-container elementor-column-gap-default\">\n\t\t\t\t\t<div class=\"elementor-column elementor-col-100 elementor-top-column elementor-element elementor-element-12d9d83\" data-id=\"12d9d83\" data-element_type=\"column\">\n\t\t\t<div class=\"elementor-widget-wrap elementor-element-populated\">\n\t\t\t\t\t\t<div class=\"elementor-element elementor-element-6609fe4 elementor-widget elementor-widget-shortcode\" data-id=\"6609fe4\" data-element_type=\"widget\" data-widget_type=\"shortcode.default\">\n\t\t\t\t<div class=\"elementor-widget-container\">\n\t\t\t\t\t<div class=\"elementor-shortcode\">\t\t<div data-elementor-type=\"wp-post\" data-elementor-id=\"591\" class=\"elementor elementor-591\">\n\t\t\t\t\t\t<section class=\"elementor-section elementor-top-section elementor-element elementor-element-d899893 elementor-section-boxed elementor-section-height-default elementor-section-height-default\" data-id=\"d899893\" data-element_type=\"section\">\n\t\t\t\t\t\t<div class=\"elementor-container elementor-column-gap-default\">\n\t\t\t\t\t<div class=\"elementor-column elementor-col-100 elementor-top-column elementor-element elementor-element-8b923cd\" data-id=\"8b923cd\" data-element_type=\"column\">\n\t\t\t<div class=\"elementor-widget-wrap elementor-element-populated\">\n\t\t\t\t\t\t<div class=\"elementor-element elementor-element-1842240 elementor-align-center elementor-widget elementor-widget-button\" data-id=\"1842240\" data-element_type=\"widget\" data-widget_type=\"button.default\">\n\t\t\t\t<div class=\"elementor-widget-container\">\n\t\t\t\t\t<div class=\"elementor-button-wrapper\">\n\t\t\t<a class=\"elementor-button elementor-button-link elementor-size-sm elementor-animation-shrink\" href=\"https:\/\/www.agencesquare.com\/agencesquare\/contact\/\" rel=\"nofollow\">\n\t\t\t\t\t\t<span class=\"elementor-button-content-wrapper\">\n\t\t\t\t\t\t\t\t\t<span class=\"elementor-button-text\">Demande d'information ou de devis<\/span>\n\t\t\t\t\t<\/span>\n\t\t\t\t\t<\/a>\n\t\t<\/div>\n\t\t\t\t<\/div>\n\t\t\t\t<\/div>\n\t\t\t\t\t<\/div>\n\t\t<\/div>\n\t\t\t\t\t<\/div>\n\t\t<\/section>\n\t\t\t\t<\/div>\n\t\t<\/div>\n\t\t\t\t<\/div>\n\t\t\t\t<\/div>\n\t\t\t\t\t<\/div>\n\t\t<\/div>\n\t\t\t\t\t<\/div>\n\t\t<\/section>\n\t\t\t\t<\/div>\n\t\t","protected":false},"excerpt":{"rendered":"<p>Le Domaine de Verchant H\u00f4tel 5 \u00e9toiles \u00e0 Montpellier avec restaurant gastronomique, spa et salle de fitness. Au c\u0153ur des vignes une piscine &amp; spa, un centre fitness. Le projet a \u00e9t\u00e9 de r\u00e9aliser des illustrations photo pour la phototh\u00e8que de l&rsquo;h\u00f4tel. Nous avons cr\u00e9\u00e9 un mood board pour la validation des compositions des visuels [&hellip;]<\/p>\n","protected":false},"author":1,"featured_media":0,"parent":0,"menu_order":0,"comment_status":"closed","ping_status":"closed","template":"","meta":{"inline_featured_image":false,"ocean_post_layout":"","ocean_both_sidebars_style":"","ocean_both_sidebars_content_width":0,"ocean_both_sidebars_sidebars_width":0,"ocean_sidebar":"0","ocean_second_sidebar":"0","ocean_disable_margins":"enable","ocean_add_body_class":"","ocean_shortcode_before_top_bar":"","ocean_shortcode_after_top_bar":"","ocean_shortcode_before_header":"","ocean_shortcode_after_header":"","ocean_has_shortcode":"","ocean_shortcode_after_title":"","ocean_shortcode_before_footer_widgets":"","ocean_shortcode_after_footer_widgets":"","ocean_shortcode_before_footer_bottom":"","ocean_shortcode_after_footer_bottom":"","ocean_display_top_bar":"default","ocean_display_header":"default","ocean_header_style":"","ocean_center_header_left_menu":"0","ocean_custom_header_template":"0","ocean_custom_logo":0,"ocean_custom_retina_logo":0,"ocean_custom_logo_max_width":0,"ocean_custom_logo_tablet_max_width":0,"ocean_custom_logo_mobile_max_width":0,"ocean_custom_logo_max_height":0,"ocean_custom_logo_tablet_max_height":0,"ocean_custom_logo_mobile_max_height":0,"ocean_header_custom_menu":"0","ocean_menu_typo_font_family":"0","ocean_menu_typo_font_subset":"","ocean_menu_typo_font_size":0,"ocean_menu_typo_font_size_tablet":0,"ocean_menu_typo_font_size_mobile":0,"ocean_menu_typo_font_size_unit":"px","ocean_menu_typo_font_weight":"","ocean_menu_typo_font_weight_tablet":"","ocean_menu_typo_font_weight_mobile":"","ocean_menu_typo_transform":"","ocean_menu_typo_transform_tablet":"","ocean_menu_typo_transform_mobile":"","ocean_menu_typo_line_height":0,"ocean_menu_typo_line_height_tablet":0,"ocean_menu_typo_line_height_mobile":0,"ocean_menu_typo_line_height_unit":"","ocean_menu_typo_spacing":0,"ocean_menu_typo_spacing_tablet":0,"ocean_menu_typo_spacing_mobile":0,"ocean_menu_typo_spacing_unit":"","ocean_menu_link_color":"","ocean_menu_link_color_hover":"","ocean_menu_link_color_active":"","ocean_menu_link_background":"","ocean_menu_link_hover_background":"","ocean_menu_link_active_background":"","ocean_menu_social_links_bg":"","ocean_menu_social_hover_links_bg":"","ocean_menu_social_links_color":"","ocean_menu_social_hover_links_color":"","ocean_disable_title":"default","ocean_disable_heading":"default","ocean_post_title":"","ocean_post_subheading":"","ocean_post_title_style":"","ocean_post_title_background_color":"","ocean_post_title_background":0,"ocean_post_title_bg_image_position":"","ocean_post_title_bg_image_attachment":"","ocean_post_title_bg_image_repeat":"","ocean_post_title_bg_image_size":"","ocean_post_title_height":0,"ocean_post_title_bg_overlay":0.5,"ocean_post_title_bg_overlay_color":"","ocean_disable_breadcrumbs":"default","ocean_breadcrumbs_color":"","ocean_breadcrumbs_separator_color":"","ocean_breadcrumbs_links_color":"","ocean_breadcrumbs_links_hover_color":"","ocean_display_footer_widgets":"default","ocean_display_footer_bottom":"default","ocean_custom_footer_template":"0","footnotes":""},"_links":{"self":[{"href":"https:\/\/www.agencesquare.com\/agencesquare\/wp-json\/wp\/v2\/pages\/358"}],"collection":[{"href":"https:\/\/www.agencesquare.com\/agencesquare\/wp-json\/wp\/v2\/pages"}],"about":[{"href":"https:\/\/www.agencesquare.com\/agencesquare\/wp-json\/wp\/v2\/types\/page"}],"author":[{"embeddable":true,"href":"https:\/\/www.agencesquare.com\/agencesquare\/wp-json\/wp\/v2\/users\/1"}],"replies":[{"embeddable":true,"href":"https:\/\/www.agencesquare.com\/agencesquare\/wp-json\/wp\/v2\/comments?post=358"}],"version-history":[{"count":21,"href":"https:\/\/www.agencesquare.com\/agencesquare\/wp-json\/wp\/v2\/pages\/358\/revisions"}],"predecessor-version":[{"id":721,"href":"https:\/\/www.agencesquare.com\/agencesquare\/wp-json\/wp\/v2\/pages\/358\/revisions\/721"}],"wp:attachment":[{"href":"https:\/\/www.agencesquare.com\/agencesquare\/wp-json\/wp\/v2\/media?parent=358"}],"curies":[{"name":"wp","href":"https:\/\/api.w.org\/{rel}","templated":true}]}}