{"id":627,"date":"2020-09-23T15:52:49","date_gmt":"2020-09-23T13:52:49","guid":{"rendered":"https:\/\/www.agencesquare.com\/agencesquare\/?page_id=627"},"modified":"2020-09-23T15:53:39","modified_gmt":"2020-09-23T13:53:39","slug":"mentions-legales","status":"publish","type":"page","link":"https:\/\/www.agencesquare.com\/agencesquare\/mentions-legales\/","title":{"rendered":"MENTIONS L\u00c9GALES"},"content":{"rendered":"\t\t<div data-elementor-type=\"wp-page\" data-elementor-id=\"627\" class=\"elementor elementor-627\">\n\t\t\t\t\t\t<section class=\"elementor-section elementor-top-section elementor-element elementor-element-e67bb5b elementor-section-boxed elementor-section-height-default elementor-section-height-default\" data-id=\"e67bb5b\" data-element_type=\"section\">\n\t\t\t\t\t\t<div class=\"elementor-container elementor-column-gap-default\">\n\t\t\t\t\t<div class=\"elementor-column elementor-col-100 elementor-top-column elementor-element elementor-element-4519b7e\" data-id=\"4519b7e\" data-element_type=\"column\">\n\t\t\t<div class=\"elementor-widget-wrap elementor-element-populated\">\n\t\t\t\t\t\t<div class=\"elementor-element elementor-element-31cd984 elementor-widget elementor-widget-spacer\" data-id=\"31cd984\" data-element_type=\"widget\" data-widget_type=\"spacer.default\">\n\t\t\t\t<div class=\"elementor-widget-container\">\n\t\t\t\t\t<div class=\"elementor-spacer\">\n\t\t\t<div class=\"elementor-spacer-inner\"><\/div>\n\t\t<\/div>\n\t\t\t\t<\/div>\n\t\t\t\t<\/div>\n\t\t\t\t\t<\/div>\n\t\t<\/div>\n\t\t\t\t\t<\/div>\n\t\t<\/section>\n\t\t\t\t<section class=\"elementor-section elementor-top-section elementor-element elementor-element-e38091a elementor-section-boxed elementor-section-height-default elementor-section-height-default\" data-id=\"e38091a\" data-element_type=\"section\">\n\t\t\t\t\t\t<div class=\"elementor-container elementor-column-gap-default\">\n\t\t\t\t\t<div class=\"elementor-column elementor-col-100 elementor-top-column elementor-element elementor-element-18faadb\" data-id=\"18faadb\" data-element_type=\"column\">\n\t\t\t<div class=\"elementor-widget-wrap elementor-element-populated\">\n\t\t\t\t\t\t<div class=\"elementor-element elementor-element-e35a151 elementor-widget elementor-widget-heading\" data-id=\"e35a151\" data-element_type=\"widget\" data-widget_type=\"heading.default\">\n\t\t\t\t<div class=\"elementor-widget-container\">\n\t\t\t<h2 class=\"elementor-heading-title elementor-size-default\">Mentions L\u00e9gales<\/h2>\t\t<\/div>\n\t\t\t\t<\/div>\n\t\t\t\t\t<\/div>\n\t\t<\/div>\n\t\t\t\t\t<\/div>\n\t\t<\/section>\n\t\t\t\t<section class=\"elementor-section elementor-top-section elementor-element elementor-element-1ba9908 elementor-section-boxed elementor-section-height-default elementor-section-height-default\" data-id=\"1ba9908\" data-element_type=\"section\">\n\t\t\t\t\t\t<div class=\"elementor-container elementor-column-gap-default\">\n\t\t\t\t\t<div class=\"elementor-column elementor-col-100 elementor-top-column elementor-element elementor-element-6e5b83b\" data-id=\"6e5b83b\" data-element_type=\"column\">\n\t\t\t<div class=\"elementor-widget-wrap elementor-element-populated\">\n\t\t\t\t\t\t<div class=\"elementor-element elementor-element-adcf6dd elementor-widget elementor-widget-text-editor\" data-id=\"adcf6dd\" data-element_type=\"widget\" data-widget_type=\"text-editor.default\">\n\t\t\t\t<div class=\"elementor-widget-container\">\n\t\t\t\t\t\t\t<p>Les informations regroup\u00e9es dans ce site sont uniquement destin\u00e9es \u00e0 une pr\u00e9sentation des activit\u00e9s de l\u2019agence square.<\/p><p>Propri\u00e9t\u00e9 intellectuelle :<br \/>toutes les images, informations au sens large, marques, logos et noms de domaine figurant sur le site sont la propri\u00e9t\u00e9 de la soci\u00e9t\u00e9 Square ou font l\u2019objet d\u2019une autorisation d\u2019utilisation. Toute utilisation sous forme de reproduction, modification, transmission, chargement informatique, d\u00e9naturation, ou distribution partielle ou int\u00e9grale d\u2019un document ou d\u2019une information figurant sur le site est soumise \u00e0 l\u2019autorisation \u00e9crite et pr\u00e9alable de Square.<\/p><p>Traitement des donn\u00e9es personnelles :<br \/>Agencesquare.com pourra \u00eatre amen\u00e9 \u00e0 collecter des donn\u00e9es personnelles vous concernant, aux fins de constitution de son fichier de gestion des actions de prospection commerciale entreprises \u00e0 ce titre.<\/p><p>\u00c9diteur du site :<br \/>Square . 73, rue du Ch\u00e2teau 92100 Boulogne Billancourt France<\/p><p>H\u00e9bergement : <br \/>Zohey\u00a0888 619 244 R.C.S.<\/p><p>\u00a0<\/p>\t\t\t\t\t\t<\/div>\n\t\t\t\t<\/div>\n\t\t\t\t\t<\/div>\n\t\t<\/div>\n\t\t\t\t\t<\/div>\n\t\t<\/section>\n\t\t\t\t<\/div>\n\t\t","protected":false},"excerpt":{"rendered":"<p>Mentions L\u00e9gales Les informations regroup\u00e9es dans ce site sont uniquement destin\u00e9es \u00e0 une pr\u00e9sentation des activit\u00e9s de l\u2019agence square. Propri\u00e9t\u00e9 intellectuelle :toutes les images, informations au sens large, marques, logos et noms de domaine figurant sur le site sont la propri\u00e9t\u00e9 de la soci\u00e9t\u00e9 Square ou font l\u2019objet d\u2019une autorisation d\u2019utilisation. Toute utilisation sous forme [&hellip;]<\/p>\n","protected":false},"author":1,"featured_media":0,"parent":0,"menu_order":0,"comment_status":"closed","ping_status":"closed","template":"","meta":{"inline_featured_image":false,"ocean_post_layout":"","ocean_both_sidebars_style":"","ocean_both_sidebars_content_width":0,"ocean_both_sidebars_sidebars_width":0,"ocean_sidebar":"0","ocean_second_sidebar":"0","ocean_disable_margins":"enable","ocean_add_body_class":"","ocean_shortcode_before_top_bar":"","ocean_shortcode_after_top_bar":"","ocean_shortcode_before_header":"","ocean_shortcode_after_header":"","ocean_has_shortcode":"","ocean_shortcode_after_title":"","ocean_shortcode_before_footer_widgets":"","ocean_shortcode_after_footer_widgets":"","ocean_shortcode_before_footer_bottom":"","ocean_shortcode_after_footer_bottom":"","ocean_display_top_bar":"default","ocean_display_header":"default","ocean_header_style":"","ocean_center_header_left_menu":"0","ocean_custom_header_template":"0","ocean_custom_logo":0,"ocean_custom_retina_logo":0,"ocean_custom_logo_max_width":0,"ocean_custom_logo_tablet_max_width":0,"ocean_custom_logo_mobile_max_width":0,"ocean_custom_logo_max_height":0,"ocean_custom_logo_tablet_max_height":0,"ocean_custom_logo_mobile_max_height":0,"ocean_header_custom_menu":"0","ocean_menu_typo_font_family":"0","ocean_menu_typo_font_subset":"","ocean_menu_typo_font_size":0,"ocean_menu_typo_font_size_tablet":0,"ocean_menu_typo_font_size_mobile":0,"ocean_menu_typo_font_size_unit":"px","ocean_menu_typo_font_weight":"","ocean_menu_typo_font_weight_tablet":"","ocean_menu_typo_font_weight_mobile":"","ocean_menu_typo_transform":"","ocean_menu_typo_transform_tablet":"","ocean_menu_typo_transform_mobile":"","ocean_menu_typo_line_height":0,"ocean_menu_typo_line_height_tablet":0,"ocean_menu_typo_line_height_mobile":0,"ocean_menu_typo_line_height_unit":"","ocean_menu_typo_spacing":0,"ocean_menu_typo_spacing_tablet":0,"ocean_menu_typo_spacing_mobile":0,"ocean_menu_typo_spacing_unit":"","ocean_menu_link_color":"","ocean_menu_link_color_hover":"","ocean_menu_link_color_active":"","ocean_menu_link_background":"","ocean_menu_link_hover_background":"","ocean_menu_link_active_background":"","ocean_menu_social_links_bg":"","ocean_menu_social_hover_links_bg":"","ocean_menu_social_links_color":"","ocean_menu_social_hover_links_color":"","ocean_disable_title":"default","ocean_disable_heading":"default","ocean_post_title":"","ocean_post_subheading":"","ocean_post_title_style":"","ocean_post_title_background_color":"","ocean_post_title_background":0,"ocean_post_title_bg_image_position":"","ocean_post_title_bg_image_attachment":"","ocean_post_title_bg_image_repeat":"","ocean_post_title_bg_image_size":"","ocean_post_title_height":0,"ocean_post_title_bg_overlay":0.5,"ocean_post_title_bg_overlay_color":"","ocean_disable_breadcrumbs":"default","ocean_breadcrumbs_color":"","ocean_breadcrumbs_separator_color":"","ocean_breadcrumbs_links_color":"","ocean_breadcrumbs_links_hover_color":"","ocean_display_footer_widgets":"default","ocean_display_footer_bottom":"default","ocean_custom_footer_template":"0","footnotes":""},"_links":{"self":[{"href":"https:\/\/www.agencesquare.com\/agencesquare\/wp-json\/wp\/v2\/pages\/627"}],"collection":[{"href":"https:\/\/www.agencesquare.com\/agencesquare\/wp-json\/wp\/v2\/pages"}],"about":[{"href":"https:\/\/www.agencesquare.com\/agencesquare\/wp-json\/wp\/v2\/types\/page"}],"author":[{"embeddable":true,"href":"https:\/\/www.agencesquare.com\/agencesquare\/wp-json\/wp\/v2\/users\/1"}],"replies":[{"embeddable":true,"href":"https:\/\/www.agencesquare.com\/agencesquare\/wp-json\/wp\/v2\/comments?post=627"}],"version-history":[{"count":3,"href":"https:\/\/www.agencesquare.com\/agencesquare\/wp-json\/wp\/v2\/pages\/627\/revisions"}],"predecessor-version":[{"id":630,"href":"https:\/\/www.agencesquare.com\/agencesquare\/wp-json\/wp\/v2\/pages\/627\/revisions\/630"}],"wp:attachment":[{"href":"https:\/\/www.agencesquare.com\/agencesquare\/wp-json\/wp\/v2\/media?parent=627"}],"curies":[{"name":"wp","href":"https:\/\/api.w.org\/{rel}","templated":true}]}}